{"id":14,"date":"2024-06-03T09:32:02","date_gmt":"2024-06-03T09:32:02","guid":{"rendered":"https:\/\/montajespferreras.es\/?page_id=14"},"modified":"2024-07-03T09:21:33","modified_gmt":"2024-07-03T09:21:33","slug":"empresas","status":"publish","type":"page","link":"https:\/\/montajespferreras.es\/en\/empresas\/","title":{"rendered":"Services and Companies"},"content":{"rendered":"<div data-elementor-type=\"wp-page\" data-elementor-id=\"14\" class=\"elementor elementor-14\">\n\t\t\t\t<div class=\"elementor-element elementor-element-fdc03c7 e-flex e-con-boxed e-con e-parent\" data-id=\"fdc03c7\" data-element_type=\"container\">\n\t\t\t\t\t<div class=\"e-con-inner\">\n\t\t\t\t<div class=\"elementor-element elementor-element-4843420 elementor-widget elementor-widget-text-editor\" data-id=\"4843420\" data-element_type=\"widget\" data-widget_type=\"text-editor.default\">\n\t\t\t\t<div class=\"elementor-widget-container\">\n\t\t\t\t\t\t\t\t\t<h2>Our<\/h2><p>Services and Companies<\/p>\t\t\t\t\t\t\t\t<\/div>\n\t\t\t\t<\/div>\n\t\t\t\t\t<\/div>\n\t\t\t\t<\/div>\n\t\t<div class=\"elementor-element elementor-element-48d911d e-flex e-con-boxed e-con e-parent\" data-id=\"48d911d\" data-element_type=\"container\" data-settings=\"{&quot;background_background&quot;:&quot;classic&quot;}\">\n\t\t\t\t\t<div class=\"e-con-inner\">\n\t\t\t\t<div class=\"elementor-element elementor-element-14cf0c8 elementor-widget__width-initial elementor-widget elementor-widget-heading\" data-id=\"14cf0c8\" data-element_type=\"widget\" data-widget_type=\"heading.default\">\n\t\t\t\t<div class=\"elementor-widget-container\">\n\t\t\t\t\t<h2 class=\"elementor-heading-title elementor-size-default\">Design tailored to you<\/h2>\t\t\t\t<\/div>\n\t\t\t\t<\/div>\n\t\t\t\t<div class=\"elementor-element elementor-element-b6dc39d elementor-widget elementor-widget-button\" data-id=\"b6dc39d\" data-element_type=\"widget\" data-widget_type=\"button.default\">\n\t\t\t\t<div class=\"elementor-widget-container\">\n\t\t\t\t\t\t\t\t\t<div class=\"elementor-button-wrapper\">\n\t\t\t\t\t<a class=\"elementor-button elementor-button-link elementor-size-sm\" href=\"#\">\n\t\t\t\t\t\t<span class=\"elementor-button-content-wrapper\">\n\t\t\t\t\t\t\t\t\t<span class=\"elementor-button-text\">Ask us<\/span>\n\t\t\t\t\t<\/span>\n\t\t\t\t\t<\/a>\n\t\t\t\t<\/div>\n\t\t\t\t\t\t\t\t<\/div>\n\t\t\t\t<\/div>\n\t\t\t\t\t<\/div>\n\t\t\t\t<\/div>\n\t\t<div class=\"elementor-element elementor-element-20c4429 e-flex e-con-boxed e-con e-parent\" data-id=\"20c4429\" data-element_type=\"container\">\n\t\t\t\t\t<div class=\"e-con-inner\">\n\t\t<div class=\"elementor-element elementor-element-80c3c59 e-con-full e-flex e-con e-child\" data-id=\"80c3c59\" data-element_type=\"container\">\n\t\t\t\t<div class=\"elementor-element elementor-element-ca4c6a4 elementor-widget elementor-widget-text-editor\" data-id=\"ca4c6a4\" data-element_type=\"widget\" data-widget_type=\"text-editor.default\">\n\t\t\t\t<div class=\"elementor-widget-container\">\n\t\t\t\t\t\t\t\t\t<h2>Our<\/h2><p>Companies<\/p>\t\t\t\t\t\t\t\t<\/div>\n\t\t\t\t<\/div>\n\t\t<div class=\"elementor-element elementor-element-c426971 e-con-full e-flex e-con e-child\" data-id=\"c426971\" data-element_type=\"container\">\n\t\t<div class=\"elementor-element elementor-element-82fa0b1 e-con-full e-flex e-con e-child\" data-id=\"82fa0b1\" data-element_type=\"container\">\n\t\t\t\t<div class=\"elementor-element elementor-element-7f86007 elementor-widget elementor-widget-image\" data-id=\"7f86007\" data-element_type=\"widget\" data-widget_type=\"image.default\">\n\t\t\t\t<div class=\"elementor-widget-container\">\n\t\t\t\t\t\t\t\t\t\t\t\t\t\t\t<img fetchpriority=\"high\" decoding=\"async\" width=\"512\" height=\"512\" src=\"https:\/\/montajespferreras.es\/wp-content\/uploads\/2024\/06\/cropped-favicon.png\" class=\"attachment-large size-large wp-image-151\" alt=\"\" srcset=\"https:\/\/montajespferreras.es\/wp-content\/uploads\/2024\/06\/cropped-favicon.png 512w, https:\/\/montajespferreras.es\/wp-content\/uploads\/2024\/06\/cropped-favicon-300x300.png 300w, https:\/\/montajespferreras.es\/wp-content\/uploads\/2024\/06\/cropped-favicon-150x150.png 150w, https:\/\/montajespferreras.es\/wp-content\/uploads\/2024\/06\/cropped-favicon-12x12.png 12w, https:\/\/montajespferreras.es\/wp-content\/uploads\/2024\/06\/cropped-favicon-270x270.png 270w, https:\/\/montajespferreras.es\/wp-content\/uploads\/2024\/06\/cropped-favicon-192x192.png 192w, https:\/\/montajespferreras.es\/wp-content\/uploads\/2024\/06\/cropped-favicon-180x180.png 180w, https:\/\/montajespferreras.es\/wp-content\/uploads\/2024\/06\/cropped-favicon-32x32.png 32w\" sizes=\"(max-width: 512px) 100vw, 512px\" \/>\t\t\t\t\t\t\t\t\t\t\t\t\t\t\t<\/div>\n\t\t\t\t<\/div>\n\t\t<div class=\"elementor-element elementor-element-6bc8492 e-con-full e-flex e-con e-child\" data-id=\"6bc8492\" data-element_type=\"container\">\n\t\t\t\t<div class=\"elementor-element elementor-element-99cb111 elementor-vertical-align-middle elementor-widget elementor-widget-image-box\" data-id=\"99cb111\" data-element_type=\"widget\" data-widget_type=\"image-box.default\">\n\t\t\t\t<div class=\"elementor-widget-container\">\n\t\t\t\t\t<div class=\"elementor-image-box-wrapper\"><div class=\"elementor-image-box-content\"><h3 class=\"elementor-image-box-title\">Covers and Mounts<\/h3><p class=\"elementor-image-box-description\">Specialized in installations of metal structures and facade enclosures.<\/p><\/div><\/div>\t\t\t\t<\/div>\n\t\t\t\t<\/div>\n\t\t\t\t<div class=\"elementor-element elementor-element-147029c elementor-widget elementor-widget-button\" data-id=\"147029c\" data-element_type=\"widget\" data-widget_type=\"button.default\">\n\t\t\t\t<div class=\"elementor-widget-container\">\n\t\t\t\t\t\t\t\t\t<div class=\"elementor-button-wrapper\">\n\t\t\t\t\t<a class=\"elementor-button elementor-button-link elementor-size-sm\" href=\"http:\/\/cubiertasferreras.es\/\">\n\t\t\t\t\t\t<span class=\"elementor-button-content-wrapper\">\n\t\t\t\t\t\t\t\t\t<span class=\"elementor-button-text\">see more<\/span>\n\t\t\t\t\t<\/span>\n\t\t\t\t\t<\/a>\n\t\t\t\t<\/div>\n\t\t\t\t\t\t\t\t<\/div>\n\t\t\t\t<\/div>\n\t\t\t\t<\/div>\n\t\t\t\t<\/div>\n\t\t<div class=\"elementor-element elementor-element-ad14a24 e-con-full e-flex e-con e-child\" data-id=\"ad14a24\" data-element_type=\"container\">\n\t\t\t\t<div class=\"elementor-element elementor-element-cc6092e elementor-widget elementor-widget-image\" data-id=\"cc6092e\" data-element_type=\"widget\" data-widget_type=\"image.default\">\n\t\t\t\t<div class=\"elementor-widget-container\">\n\t\t\t\t\t\t\t\t\t\t\t\t\t\t\t<img decoding=\"async\" width=\"512\" height=\"512\" src=\"https:\/\/montajespferreras.es\/wp-content\/uploads\/2024\/06\/favicon-1.png\" class=\"attachment-large size-large wp-image-275\" alt=\"\" srcset=\"https:\/\/montajespferreras.es\/wp-content\/uploads\/2024\/06\/favicon-1.png 512w, https:\/\/montajespferreras.es\/wp-content\/uploads\/2024\/06\/favicon-1-300x300.png 300w, https:\/\/montajespferreras.es\/wp-content\/uploads\/2024\/06\/favicon-1-150x150.png 150w, https:\/\/montajespferreras.es\/wp-content\/uploads\/2024\/06\/favicon-1-12x12.png 12w\" sizes=\"(max-width: 512px) 100vw, 512px\" \/>\t\t\t\t\t\t\t\t\t\t\t\t\t\t\t<\/div>\n\t\t\t\t<\/div>\n\t\t<div class=\"elementor-element elementor-element-cf54035 e-con-full e-flex e-con e-child\" data-id=\"cf54035\" data-element_type=\"container\">\n\t\t\t\t<div class=\"elementor-element elementor-element-83e2510 elementor-vertical-align-middle elementor-widget elementor-widget-image-box\" data-id=\"83e2510\" data-element_type=\"widget\" data-widget_type=\"image-box.default\">\n\t\t\t\t<div class=\"elementor-widget-container\">\n\t\t\t\t\t<div class=\"elementor-image-box-wrapper\"><div class=\"elementor-image-box-content\"><h3 class=\"elementor-image-box-title\">Corple<\/h3><p class=\"elementor-image-box-description\">Specialized in installations of metal structures and facade enclosures.<\/p><\/div><\/div>\t\t\t\t<\/div>\n\t\t\t\t<\/div>\n\t\t\t\t<div class=\"elementor-element elementor-element-ba60f5e elementor-widget elementor-widget-button\" data-id=\"ba60f5e\" data-element_type=\"widget\" data-widget_type=\"button.default\">\n\t\t\t\t<div class=\"elementor-widget-container\">\n\t\t\t\t\t\t\t\t\t<div class=\"elementor-button-wrapper\">\n\t\t\t\t\t<a class=\"elementor-button elementor-button-link elementor-size-sm\" href=\"https:\/\/corple77.es\/\">\n\t\t\t\t\t\t<span class=\"elementor-button-content-wrapper\">\n\t\t\t\t\t\t\t\t\t<span class=\"elementor-button-text\">see more<\/span>\n\t\t\t\t\t<\/span>\n\t\t\t\t\t<\/a>\n\t\t\t\t<\/div>\n\t\t\t\t\t\t\t\t<\/div>\n\t\t\t\t<\/div>\n\t\t\t\t<\/div>\n\t\t\t\t<\/div>\n\t\t\t\t<\/div>\n\t\t<div class=\"elementor-element elementor-element-74d0a69 e-con-full e-flex e-con e-child\" data-id=\"74d0a69\" data-element_type=\"container\">\n\t\t<div class=\"elementor-element elementor-element-5399733 e-con-full e-flex e-con e-child\" data-id=\"5399733\" data-element_type=\"container\">\n\t\t\t\t<div class=\"elementor-element elementor-element-ca6375d elementor-widget elementor-widget-image\" data-id=\"ca6375d\" data-element_type=\"widget\" data-widget_type=\"image.default\">\n\t\t\t\t<div class=\"elementor-widget-container\">\n\t\t\t\t\t\t\t\t\t\t\t\t\t\t\t<img decoding=\"async\" width=\"512\" height=\"512\" src=\"https:\/\/montajespferreras.es\/wp-content\/uploads\/2024\/06\/favicon-2.png\" class=\"attachment-large size-large wp-image-276\" alt=\"\" srcset=\"https:\/\/montajespferreras.es\/wp-content\/uploads\/2024\/06\/favicon-2.png 512w, https:\/\/montajespferreras.es\/wp-content\/uploads\/2024\/06\/favicon-2-300x300.png 300w, https:\/\/montajespferreras.es\/wp-content\/uploads\/2024\/06\/favicon-2-150x150.png 150w, https:\/\/montajespferreras.es\/wp-content\/uploads\/2024\/06\/favicon-2-12x12.png 12w\" sizes=\"(max-width: 512px) 100vw, 512px\" \/>\t\t\t\t\t\t\t\t\t\t\t\t\t\t\t<\/div>\n\t\t\t\t<\/div>\n\t\t<div class=\"elementor-element elementor-element-45afdbb e-con-full e-flex e-con e-child\" data-id=\"45afdbb\" data-element_type=\"container\">\n\t\t\t\t<div class=\"elementor-element elementor-element-6c4215c elementor-vertical-align-middle elementor-widget elementor-widget-image-box\" data-id=\"6c4215c\" data-element_type=\"widget\" data-widget_type=\"image-box.default\">\n\t\t\t\t<div class=\"elementor-widget-container\">\n\t\t\t\t\t<div class=\"elementor-image-box-wrapper\"><div class=\"elementor-image-box-content\"><h3 class=\"elementor-image-box-title\">Vademet<\/h3><p class=\"elementor-image-box-description\">Specialized in installations of metal structures and facade enclosures.<\/p><\/div><\/div>\t\t\t\t<\/div>\n\t\t\t\t<\/div>\n\t\t\t\t<div class=\"elementor-element elementor-element-972d917 elementor-widget elementor-widget-button\" data-id=\"972d917\" data-element_type=\"widget\" data-widget_type=\"button.default\">\n\t\t\t\t<div class=\"elementor-widget-container\">\n\t\t\t\t\t\t\t\t\t<div class=\"elementor-button-wrapper\">\n\t\t\t\t\t<a class=\"elementor-button elementor-button-link elementor-size-sm\" href=\"http:\/\/vademet.es\/\">\n\t\t\t\t\t\t<span class=\"elementor-button-content-wrapper\">\n\t\t\t\t\t\t\t\t\t<span class=\"elementor-button-text\">see more<\/span>\n\t\t\t\t\t<\/span>\n\t\t\t\t\t<\/a>\n\t\t\t\t<\/div>\n\t\t\t\t\t\t\t\t<\/div>\n\t\t\t\t<\/div>\n\t\t\t\t<\/div>\n\t\t\t\t<\/div>\n\t\t<div class=\"elementor-element elementor-element-b32af69 e-con-full e-flex e-con e-child\" data-id=\"b32af69\" data-element_type=\"container\">\n\t\t\t\t<div class=\"elementor-element elementor-element-c89d9fd elementor-widget elementor-widget-image\" data-id=\"c89d9fd\" data-element_type=\"widget\" data-widget_type=\"image.default\">\n\t\t\t\t<div class=\"elementor-widget-container\">\n\t\t\t\t\t\t\t\t\t\t\t\t\t\t\t<img loading=\"lazy\" decoding=\"async\" width=\"512\" height=\"512\" src=\"https:\/\/montajespferreras.es\/wp-content\/uploads\/2024\/06\/favicon-3.png\" class=\"attachment-large size-large wp-image-277\" alt=\"\" srcset=\"https:\/\/montajespferreras.es\/wp-content\/uploads\/2024\/06\/favicon-3.png 512w, https:\/\/montajespferreras.es\/wp-content\/uploads\/2024\/06\/favicon-3-300x300.png 300w, https:\/\/montajespferreras.es\/wp-content\/uploads\/2024\/06\/favicon-3-150x150.png 150w, https:\/\/montajespferreras.es\/wp-content\/uploads\/2024\/06\/favicon-3-12x12.png 12w\" sizes=\"(max-width: 512px) 100vw, 512px\" \/>\t\t\t\t\t\t\t\t\t\t\t\t\t\t\t<\/div>\n\t\t\t\t<\/div>\n\t\t<div class=\"elementor-element elementor-element-01d52af e-con-full e-flex e-con e-child\" data-id=\"01d52af\" data-element_type=\"container\">\n\t\t\t\t<div class=\"elementor-element elementor-element-b8ba82e elementor-vertical-align-middle elementor-widget elementor-widget-image-box\" data-id=\"b8ba82e\" data-element_type=\"widget\" data-widget_type=\"image-box.default\">\n\t\t\t\t<div class=\"elementor-widget-container\">\n\t\t\t\t\t<div class=\"elementor-image-box-wrapper\"><div class=\"elementor-image-box-content\"><h3 class=\"elementor-image-box-title\">Metallurgical and RTB<\/h3><p class=\"elementor-image-box-description\">Specialized in installations of metal structures and facade enclosures.<\/p><\/div><\/div>\t\t\t\t<\/div>\n\t\t\t\t<\/div>\n\t\t\t\t<div class=\"elementor-element elementor-element-91c36a5 elementor-widget elementor-widget-button\" data-id=\"91c36a5\" data-element_type=\"widget\" data-widget_type=\"button.default\">\n\t\t\t\t<div class=\"elementor-widget-container\">\n\t\t\t\t\t\t\t\t\t<div class=\"elementor-button-wrapper\">\n\t\t\t\t\t<a class=\"elementor-button elementor-button-link elementor-size-sm\" href=\"https:\/\/metalurgicasrtb.es\/\">\n\t\t\t\t\t\t<span class=\"elementor-button-content-wrapper\">\n\t\t\t\t\t\t\t\t\t<span class=\"elementor-button-text\">see more<\/span>\n\t\t\t\t\t<\/span>\n\t\t\t\t\t<\/a>\n\t\t\t\t<\/div>\n\t\t\t\t\t\t\t\t<\/div>\n\t\t\t\t<\/div>\n\t\t\t\t<\/div>\n\t\t\t\t<\/div>\n\t\t\t\t<\/div>\n\t\t\t\t<\/div>\n\t\t\t\t\t<\/div>\n\t\t\t\t<\/div>\n\t\t\t\t<\/div>","protected":false},"excerpt":{"rendered":"<p>Nuestros Servicios y Empresas Dise\u00f1o a tu medida Cons\u00faltanos Nuestras Empresas Cubiertas y Montajes Especializados en instalaciones de estructuras met\u00e1licas y cerramientos de fachadas. Ver m\u00e1s Corple Especializados en instalaciones de estructuras met\u00e1licas y cerramientos de fachadas. Ver m\u00e1s Vademet Especializados en instalaciones de estructuras met\u00e1licas y cerramientos de fachadas. Ver m\u00e1s Metal\u00fargicas y RTB [&hellip;]<\/p>\n","protected":false},"author":1,"featured_media":0,"parent":0,"menu_order":0,"comment_status":"closed","ping_status":"closed","template":"","meta":{"footnotes":""},"yoast_head":"<!-- This site is optimized with the Yoast SEO plugin v24.5 - https:\/\/yoast.com\/wordpress\/plugins\/seo\/ -->\n<title>Servicios<\/title>\n<meta name=\"description\" content=\"Cerramientos de Naves Industriales\" \/>\n<meta name=\"robots\" content=\"index, follow, max-snippet:-1, max-image-preview:large, max-video-preview:-1\" \/>\n<link rel=\"canonical\" href=\"https:\/\/montajespferreras.es\/en\/empresas\/\" \/>\n<meta property=\"og:locale\" content=\"en_GB\" \/>\n<meta property=\"og:type\" content=\"article\" \/>\n<meta property=\"og:title\" content=\"Servicios\" \/>\n<meta property=\"og:description\" content=\"Cerramientos de Naves Industriales\" \/>\n<meta property=\"og:url\" content=\"https:\/\/montajespferreras.es\/en\/empresas\/\" \/>\n<meta property=\"og:site_name\" content=\"MontajesPFerreras\" \/>\n<meta property=\"article:modified_time\" content=\"2024-07-03T09:21:33+00:00\" \/>\n<meta property=\"og:image\" content=\"https:\/\/montajespferreras.es\/wp-content\/uploads\/2024\/06\/cropped-favicon.png\" \/>\n<meta name=\"twitter:card\" content=\"summary_large_image\" \/>\n<meta name=\"twitter:label1\" content=\"Estimated reading time\" \/>\n\t<meta name=\"twitter:data1\" content=\"2 minutes\" \/>\n<script type=\"application\/ld+json\" class=\"yoast-schema-graph\">{\"@context\":\"https:\/\/schema.org\",\"@graph\":[{\"@type\":\"WebPage\",\"@id\":\"https:\/\/montajespferreras.es\/empresas\/\",\"url\":\"https:\/\/montajespferreras.es\/empresas\/\",\"name\":\"Servicios\",\"isPartOf\":{\"@id\":\"https:\/\/montajespferreras.es\/#website\"},\"primaryImageOfPage\":{\"@id\":\"https:\/\/montajespferreras.es\/empresas\/#primaryimage\"},\"image\":{\"@id\":\"https:\/\/montajespferreras.es\/empresas\/#primaryimage\"},\"thumbnailUrl\":\"https:\/\/montajespferreras.es\/wp-content\/uploads\/2024\/06\/cropped-favicon.png\",\"datePublished\":\"2024-06-03T09:32:02+00:00\",\"dateModified\":\"2024-07-03T09:21:33+00:00\",\"description\":\"Cerramientos de Naves Industriales\",\"breadcrumb\":{\"@id\":\"https:\/\/montajespferreras.es\/empresas\/#breadcrumb\"},\"inLanguage\":\"en-GB\",\"potentialAction\":[{\"@type\":\"ReadAction\",\"target\":[\"https:\/\/montajespferreras.es\/empresas\/\"]}]},{\"@type\":\"ImageObject\",\"inLanguage\":\"en-GB\",\"@id\":\"https:\/\/montajespferreras.es\/empresas\/#primaryimage\",\"url\":\"https:\/\/montajespferreras.es\/wp-content\/uploads\/2024\/06\/cropped-favicon.png\",\"contentUrl\":\"https:\/\/montajespferreras.es\/wp-content\/uploads\/2024\/06\/cropped-favicon.png\"},{\"@type\":\"BreadcrumbList\",\"@id\":\"https:\/\/montajespferreras.es\/empresas\/#breadcrumb\",\"itemListElement\":[{\"@type\":\"ListItem\",\"position\":1,\"name\":\"Portada\",\"item\":\"https:\/\/montajespferreras.es\/\"},{\"@type\":\"ListItem\",\"position\":2,\"name\":\"Servicios y Empresas\"}]},{\"@type\":\"WebSite\",\"@id\":\"https:\/\/montajespferreras.es\/#website\",\"url\":\"https:\/\/montajespferreras.es\/\",\"name\":\"MontajesPFerreras\",\"description\":\"Montajes y cubiertas\",\"publisher\":{\"@id\":\"https:\/\/montajespferreras.es\/#organization\"},\"potentialAction\":[{\"@type\":\"SearchAction\",\"target\":{\"@type\":\"EntryPoint\",\"urlTemplate\":\"https:\/\/montajespferreras.es\/?s={search_term_string}\"},\"query-input\":{\"@type\":\"PropertyValueSpecification\",\"valueRequired\":true,\"valueName\":\"search_term_string\"}}],\"inLanguage\":\"en-GB\"},{\"@type\":\"Organization\",\"@id\":\"https:\/\/montajespferreras.es\/#organization\",\"name\":\"MontajesPFerreras\",\"url\":\"https:\/\/montajespferreras.es\/\",\"logo\":{\"@type\":\"ImageObject\",\"inLanguage\":\"en-GB\",\"@id\":\"https:\/\/montajespferreras.es\/#\/schema\/logo\/image\/\",\"url\":\"https:\/\/montajespferreras.es\/wp-content\/uploads\/2024\/06\/P.-ferreras-Grupo-1.png\",\"contentUrl\":\"https:\/\/montajespferreras.es\/wp-content\/uploads\/2024\/06\/P.-ferreras-Grupo-1.png\",\"width\":684,\"height\":296,\"caption\":\"MontajesPFerreras\"},\"image\":{\"@id\":\"https:\/\/montajespferreras.es\/#\/schema\/logo\/image\/\"}}]}<\/script>\n<!-- \/ Yoast SEO plugin. -->","yoast_head_json":{"title":"Services","description":"Cerramientos de Naves Industriales","robots":{"index":"index","follow":"follow","max-snippet":"max-snippet:-1","max-image-preview":"max-image-preview:large","max-video-preview":"max-video-preview:-1"},"canonical":"https:\/\/montajespferreras.es\/en\/empresas\/","og_locale":"en_GB","og_type":"article","og_title":"Servicios","og_description":"Cerramientos de Naves Industriales","og_url":"https:\/\/montajespferreras.es\/en\/empresas\/","og_site_name":"MontajesPFerreras","article_modified_time":"2024-07-03T09:21:33+00:00","og_image":[{"url":"https:\/\/montajespferreras.es\/wp-content\/uploads\/2024\/06\/cropped-favicon.png","type":"","width":"","height":""}],"twitter_card":"summary_large_image","twitter_misc":{"Estimated reading time":"2 minutes"},"schema":{"@context":"https:\/\/schema.org","@graph":[{"@type":"WebPage","@id":"https:\/\/montajespferreras.es\/empresas\/","url":"https:\/\/montajespferreras.es\/empresas\/","name":"Services","isPartOf":{"@id":"https:\/\/montajespferreras.es\/#website"},"primaryImageOfPage":{"@id":"https:\/\/montajespferreras.es\/empresas\/#primaryimage"},"image":{"@id":"https:\/\/montajespferreras.es\/empresas\/#primaryimage"},"thumbnailUrl":"https:\/\/montajespferreras.es\/wp-content\/uploads\/2024\/06\/cropped-favicon.png","datePublished":"2024-06-03T09:32:02+00:00","dateModified":"2024-07-03T09:21:33+00:00","description":"Cerramientos de Naves Industriales","breadcrumb":{"@id":"https:\/\/montajespferreras.es\/empresas\/#breadcrumb"},"inLanguage":"en-GB","potentialAction":[{"@type":"ReadAction","target":["https:\/\/montajespferreras.es\/empresas\/"]}]},{"@type":"ImageObject","inLanguage":"en-GB","@id":"https:\/\/montajespferreras.es\/empresas\/#primaryimage","url":"https:\/\/montajespferreras.es\/wp-content\/uploads\/2024\/06\/cropped-favicon.png","contentUrl":"https:\/\/montajespferreras.es\/wp-content\/uploads\/2024\/06\/cropped-favicon.png"},{"@type":"BreadcrumbList","@id":"https:\/\/montajespferreras.es\/empresas\/#breadcrumb","itemListElement":[{"@type":"ListItem","position":1,"name":"Portada","item":"https:\/\/montajespferreras.es\/"},{"@type":"ListItem","position":2,"name":"Servicios y Empresas"}]},{"@type":"WebSite","@id":"https:\/\/montajespferreras.es\/#website","url":"https:\/\/montajespferreras.es\/","name":"MontajesPFerreras","description":"Mounts and covers","publisher":{"@id":"https:\/\/montajespferreras.es\/#organization"},"potentialAction":[{"@type":"SearchAction","target":{"@type":"EntryPoint","urlTemplate":"https:\/\/montajespferreras.es\/?s={search_term_string}"},"query-input":{"@type":"PropertyValueSpecification","valueRequired":true,"valueName":"search_term_string"}}],"inLanguage":"en-GB"},{"@type":"Organization","@id":"https:\/\/montajespferreras.es\/#organization","name":"MontajesPFerreras","url":"https:\/\/montajespferreras.es\/","logo":{"@type":"ImageObject","inLanguage":"en-GB","@id":"https:\/\/montajespferreras.es\/#\/schema\/logo\/image\/","url":"https:\/\/montajespferreras.es\/wp-content\/uploads\/2024\/06\/P.-ferreras-Grupo-1.png","contentUrl":"https:\/\/montajespferreras.es\/wp-content\/uploads\/2024\/06\/P.-ferreras-Grupo-1.png","width":684,"height":296,"caption":"MontajesPFerreras"},"image":{"@id":"https:\/\/montajespferreras.es\/#\/schema\/logo\/image\/"}}]}},"_links":{"self":[{"href":"https:\/\/montajespferreras.es\/en\/wp-json\/wp\/v2\/pages\/14"}],"collection":[{"href":"https:\/\/montajespferreras.es\/en\/wp-json\/wp\/v2\/pages"}],"about":[{"href":"https:\/\/montajespferreras.es\/en\/wp-json\/wp\/v2\/types\/page"}],"author":[{"embeddable":true,"href":"https:\/\/montajespferreras.es\/en\/wp-json\/wp\/v2\/users\/1"}],"replies":[{"embeddable":true,"href":"https:\/\/montajespferreras.es\/en\/wp-json\/wp\/v2\/comments?post=14"}],"version-history":[{"count":14,"href":"https:\/\/montajespferreras.es\/en\/wp-json\/wp\/v2\/pages\/14\/revisions"}],"predecessor-version":[{"id":324,"href":"https:\/\/montajespferreras.es\/en\/wp-json\/wp\/v2\/pages\/14\/revisions\/324"}],"wp:attachment":[{"href":"https:\/\/montajespferreras.es\/en\/wp-json\/wp\/v2\/media?parent=14"}],"curies":[{"name":"wp","href":"https:\/\/api.w.org\/{rel}","templated":true}]}}